{"id":2965,"date":"2020-04-24T10:35:36","date_gmt":"2020-04-24T08:35:36","guid":{"rendered":"http:\/\/wp2020.lar.de\/wordpress\/produkte\/hygrocontrol\/"},"modified":"2020-07-27T11:26:54","modified_gmt":"2020-07-27T09:26:54","slug":"hygrocontrol","status":"publish","type":"page","link":"https:\/\/supporttest.lar.com\/wordpress\/de\/produkte\/hygrocontrol\/","title":{"rendered":"Hygrocontrol"},"content":{"rendered":"<h1>Hygrocontrol<\/h1>\n<h2>Analysatoren f\u00fcr Relative Feuchte<\/h2>\n<div>\n<p class=\"bodytext\">Die Produktpalette von LAR umfasst Wasseranalysatoren f\u00fcr die wichtigsten Summenparameter wie TOC, CSB, TOD, BSB, Toxizit\u00e4t, TN, TP und \u00d6l-in-Wasser. Die Messsysteme werden in <b>drei Hauptanwendungsbereichen<\/b> eingesetzt: Umwelt\u00fcberwachung, kommunale Einrichtungen und Industrie.<\/p>\n<p class=\"bodytext\">Basierend auf der hohen Pr\u00e4zision und Geschwindigkeit der Analysatoren erm\u00f6glichen sie eine optimale Steuerung von Prozessen, eine sichere \u00dcberwachung von industriellen und kommunalen Kl\u00e4ranlagen, eine zuverl\u00e4ssige \u00dcberwachung von Oberfl\u00e4chenwasser und Zufl\u00fcssen von Fl\u00fcssen\/Seen.<\/p>\n<\/div>\n<p><img src=\"wp-content\/uploads\/2020\/07\/hygrocontrol_logo_pic_rgb.png\" alt=\"\"><\/p>\n<h2>Produkte nach Parameter<\/h2>\n<ul>\n<li>\n<p>        <img src=\"wp-content\/uploads\/2020\/04\/Hygrocontrol-81-and-82.png\" alt=\"\"><\/p>\n<h3>Type 81 und 82<\/h3>\n<p>Hygrocontrol <\/p>\n<div>\n<p>Hochpr\u00e4zises Messger\u00e4t f\u00fcr relative Luftfeuchtigkeit und Temperatur (Hygrometer) f\u00fcr den industriellen Einsatz.\u00a0<\/p>\n<\/div>\n<p><a href=\"de\/produkte\/hygrocontrol\/relative-feuchte\/hygrometer-hygrocontrol-type-8182\/\">Read more<\/a><\/p>\n<\/li>\n<li>\n<p>        <img src=\"wp-content\/uploads\/2020\/04\/Hygrocontrol-83.jpg\" alt=\"\"><\/p>\n<h3>Type 83<\/h3>\n<p>Hygrocontrol <\/p>\n<div>\n<p>Relative Feuchte- und Temperaturmessger\u00e4t mit geschlossenem Regelkreis (Hygrometer) f\u00fcr den industriellen Einsatz.\u00a0<\/p>\n<\/div>\n<p><a href=\"de\/produkte\/hygrocontrol\/relative-feuchte\/hygrometer-hygrocontrol-type-83\/\">Read more<\/a><\/p>\n<\/li>\n<li>\n<p>        <img src=\"wp-content\/uploads\/2020\/04\/Hygrocontrol-85.png\" alt=\"\"><\/p>\n<h3>Type 85<\/h3>\n<p>Hygrocontrol <\/p>\n<div>\n<p>Messger\u00e4t f\u00fcr relative Luftfeuchtigkeit und Temperatur (Hygrometer) f\u00fcr den industriellen Einsatz.\u00a0<\/p>\n<\/div>\n<p><a href=\"de\/produkte\/hygrocontrol\/relative-feuchte\/hygrometer-hygrocontrol-type-85\/\">Read more<\/a><\/p>\n<\/li>\n<\/ul>\n<div>\n<h2>Zertifizierungen &#8211; L\u00f6sungen, denen Sie vertrauen k\u00f6nnen.<\/h2>\n<\/div>\n<ul>\n<li>\n<p>        <img src=\"wp-content\/uploads\/2019\/12\/csm_Logo_TUV-ISO-9001_97798bf409.png\" alt=\"\"><\/p>\n<\/li>\n<li>\n<p>        <img src=\"wp-content\/uploads\/2019\/12\/csm_Logo_Aquanet_fad2fd638c.png\" alt=\"\"><\/p>\n<\/li>\n<li>\n<p>        <img src=\"wp-content\/uploads\/2019\/12\/csm_Logo_GWP_eb96056fea.png\" alt=\"\"><\/p>\n<\/li>\n<\/ul>\n<h2>Fragen? Wir sind hier, um zu helfen!<\/h2>\n<p>\n    <a href=\"de\/kontakt\/\">Kontakt<\/a>\n<\/p>\n<p><!-- {\"type\":\"layout\",\"children\":[{\"type\":\"section\",\"props\":{\"style\":\"primary\",\"width\":\"expand\",\"vertical_align\":\"middle\",\"title_position\":\"top-left\",\"title_rotation\":\"left\",\"title_breakpoint\":\"xl\",\"image_position\":\"center-center\",\"text_color\":\"\",\"width_expand\":\"\",\"height\":\"\",\"padding\":\"\",\"header_transparent\":\"\",\"animation\":\"\",\"image\":\"wp-content\\\/uploads\\\/2019\\\/07\\\/header_gabelseite.png\",\"image_size\":\"cover\",\"image_effect\":\"\",\"image_parallax_breakpoint\":\"\",\"image_visibility\":\"\",\"video_width\":\"\",\"video_height\":\"\",\"media_blend_mode\":\"\",\"image_height\":\"\",\"padding_remove_top\":false,\"padding_remove_bottom\":false},\"children\":[{\"type\":\"row\",\"props\":{\"layout\":\",\",\"breakpoint\":\"m\",\"fixed_width\":\"large\",\"width\":\"default\",\"width_expand\":\"\",\"height\":\"\",\"margin\":\"\",\"column_gap\":\"\",\"row_gap\":\"\"},\"children\":[{\"type\":\"column\",\"props\":{\"image_position\":\"center-center\",\"media_overlay_gradient\":\"\",\"vertical_align\":\"\",\"style\":\"\",\"text_color\":\"\",\"padding\":\"\"},\"children\":[{\"type\":\"headline\",\"props\":{\"title_element\":\"h1\",\"title_style\":\"\",\"title_decoration\":\"\",\"title_font_family\":\"\",\"title_color\":\"\",\"position\":\"\",\"position_z_index\":\"\",\"margin\":\"\",\"maxwidth\":\"\",\"maxwidth_breakpoint\":\"\",\"block_align\":\"\",\"block_align_breakpoint\":\"\",\"block_align_fallback\":\"\",\"text_align\":\"\",\"text_align_breakpoint\":\"\",\"text_align_fallback\":\"\",\"animation\":\"\",\"visibility\":\"\",\"content\":\"Hygrocontrol\",\"margin_remove_bottom\":false}},{\"type\":\"wordpress_widget\",\"props\":{\"widget\":\"breadcrumbs-2\",\"style\":\"\",\"title_style\":\"\",\"title_decoration\":\"\",\"title_font_family\":\"\",\"title_color\":\"\",\"list_style\":\"\",\"link_style\":\"\",\"menu_style\":\"nav\",\"position\":\"\",\"position_z_index\":\"\",\"margin\":\"\",\"maxwidth\":\"\",\"maxwidth_breakpoint\":\"\",\"block_align\":\"\",\"block_align_breakpoint\":\"\",\"block_align_fallback\":\"\",\"text_align\":\"left\",\"text_align_breakpoint\":\"\",\"text_align_fallback\":\"\",\"animation\":\"\",\"visibility\":\"\",\"type\":\"breadcrumbs\"},\"name\":\"breadcrumbs_lar\"}]},{\"type\":\"column\",\"props\":{\"image_position\":\"center-center\",\"media_overlay_gradient\":\"\",\"vertical_align\":\"\",\"style\":\"\",\"text_color\":\"\",\"padding\":\"\"},\"children\":[]}]}],\"name\":\"Header_Gabelseite\"},{\"type\":\"section\",\"props\":{\"style\":\"default\",\"width\":\"default\",\"vertical_align\":\"middle\",\"title_position\":\"top-left\",\"title_rotation\":\"left\",\"title_breakpoint\":\"xl\",\"image_position\":\"center-center\",\"text_color\":\"\",\"width_expand\":\"\",\"height\":\"\",\"padding\":\"\",\"header_transparent\":\"\",\"animation\":\"\",\"preserve_color\":true},\"children\":[{\"type\":\"row\",\"props\":{\"layout\":\"2-3,1-3\",\"breakpoint\":\"m\",\"fixed_width\":\"large\",\"width\":\"\",\"width_expand\":\"\",\"height\":\"\",\"margin\":\"\",\"margin_remove_top\":false,\"column_gap\":\"\",\"row_gap\":\"\"},\"children\":[{\"type\":\"column\",\"props\":{\"image_position\":\"center-center\",\"media_overlay_gradient\":\"\",\"vertical_align\":\"\",\"style\":\"\",\"text_color\":\"\",\"padding\":\"\"},\"children\":[{\"type\":\"headline\",\"props\":{\"title_element\":\"h2\",\"title_style\":\"h1\",\"title_decoration\":\"\",\"title_font_family\":\"\",\"title_color\":\"\",\"position\":\"\",\"position_z_index\":\"\",\"margin\":\"\",\"maxwidth\":\"\",\"maxwidth_breakpoint\":\"\",\"block_align\":\"\",\"block_align_breakpoint\":\"\",\"block_align_fallback\":\"\",\"text_align\":\"\",\"text_align_breakpoint\":\"\",\"text_align_fallback\":\"\",\"animation\":\"\",\"visibility\":\"\",\"content\":\"Analysatoren f\\u00fcr Relative Feuchte\"}},{\"type\":\"text\",\"props\":{\"margin\":\"default\",\"column_breakpoint\":\"m\",\"text_style\":\"\",\"text_color\":\"\",\"text_size\":\"\",\"column\":\"\",\"position\":\"\",\"position_z_index\":\"\",\"maxwidth\":\"\",\"maxwidth_breakpoint\":\"\",\"block_align\":\"\",\"block_align_breakpoint\":\"\",\"block_align_fallback\":\"\",\"text_align\":\"justify\",\"text_align_breakpoint\":\"\",\"text_align_fallback\":\"\",\"animation\":\"\",\"visibility\":\"\",\"content\":\"\n\n<p class=\\\"bodytext\\\">Die Produktpalette von LAR umfasst Wasseranalysatoren f\\u00fcr die wichtigsten Summenparameter wie TOC, CSB, TOD, BSB, Toxizit\\u00e4t, TN, TP und \\u00d6l-in-Wasser. Die Messsysteme werden in <b>drei Hauptanwendungsbereichen<\\\/b> eingesetzt: Umwelt\\u00fcberwachung, kommunale Einrichtungen und Industrie.<\\\/p>\\n\n\n<p class=\\\"bodytext\\\">Basierend auf der hohen Pr\\u00e4zision und Geschwindigkeit der Analysatoren erm\\u00f6glichen sie eine optimale Steuerung von Prozessen, eine sichere \\u00dcberwachung von industriellen und kommunalen Kl\\u00e4ranlagen, eine zuverl\\u00e4ssige \\u00dcberwachung von Oberfl\\u00e4chenwasser und Zufl\\u00fcssen von Fl\\u00fcssen\\\/Seen.<\\\/p>\"}}]},{\"type\":\"column\",\"props\":{\"image_position\":\"center-center\",\"media_overlay_gradient\":\"\",\"vertical_align\":\"\",\"style\":\"\",\"text_color\":\"\",\"padding\":\"\"},\"children\":[{\"type\":\"image\",\"props\":{\"margin\":\"default\",\"image_svg_color\":\"emphasis\",\"link_target\":\"\",\"image_border\":\"\",\"image_box_shadow\":\"\",\"image_hover_box_shadow\":\"\",\"image_box_decoration\":\"\",\"position\":\"relative\",\"position_z_index\":\"\",\"maxwidth\":\"\",\"maxwidth_breakpoint\":\"\",\"block_align\":\"\",\"block_align_breakpoint\":\"\",\"block_align_fallback\":\"\",\"text_align\":\"\",\"text_align_breakpoint\":\"\",\"text_align_fallback\":\"\",\"animation\":\"\",\"visibility\":\"\",\"image\":\"wp-content\\\/uploads\\\/2020\\\/07\\\/hygrocontrol_logo_pic_rgb.png\",\"position_left\":\"0\",\"position_top\":\"0\"}}]}]},{\"type\":\"row\",\"props\":{\"layout\":\"1-1\",\"breakpoint\":\"m\",\"fixed_width\":\"large\",\"column_gap\":\"\",\"row_gap\":\"\",\"width\":\"\",\"width_expand\":\"\",\"height\":\"\",\"margin\":\"\"},\"children\":[{\"type\":\"column\",\"props\":{\"image_position\":\"center-center\",\"media_overlay_gradient\":\"\",\"vertical_align\":\"\",\"style\":\"\",\"text_color\":\"\",\"padding\":\"\"},\"children\":[{\"type\":\"headline\",\"props\":{\"title_element\":\"h2\",\"title_style\":\"\",\"title_decoration\":\"\",\"title_font_family\":\"\",\"title_color\":\"\",\"position\":\"\",\"position_z_index\":\"\",\"margin\":\"\",\"maxwidth\":\"\",\"maxwidth_breakpoint\":\"\",\"block_align\":\"\",\"block_align_breakpoint\":\"\",\"block_align_fallback\":\"\",\"text_align\":\"\",\"text_align_breakpoint\":\"\",\"text_align_fallback\":\"\",\"animation\":\"\",\"visibility\":\"\",\"content\":\"Produkte nach Parameter\"}},{\"type\":\"grid\",\"props\":{\"show_title\":true,\"show_meta\":true,\"show_content\":true,\"show_image\":true,\"show_link\":true,\"grid_default\":\"1\",\"grid_medium\":\"4\",\"filter_style\":\"tab\",\"filter_all\":true,\"filter_position\":\"top\",\"filter_align\":\"left\",\"filter_grid_width\":\"auto\",\"filter_grid_breakpoint\":\"m\",\"title_hover_style\":\"reset\",\"title_element\":\"h3\",\"title_align\":\"top\",\"title_grid_width\":\"1-2\",\"title_grid_breakpoint\":\"m\",\"meta_style\":\"meta\",\"meta_align\":\"below-title\",\"icon_ratio\":4,\"image_align\":\"bottom\",\"image_grid_width\":\"1-2\",\"image_grid_breakpoint\":\"m\",\"image_svg_color\":\"emphasis\",\"link_text\":\"Read more\",\"link_style\":\"default\",\"margin\":\"default\",\"item_animation\":\"\",\"grid_column_gap\":\"\",\"grid_row_gap\":\"\",\"grid_small\":\"\",\"grid_large\":\"\",\"grid_xlarge\":\"\",\"filter_margin\":\"\",\"filter_grid_column_gap\":\"\",\"filter_grid_row_gap\":\"\",\"title_display\":\"\",\"content_display\":\"\",\"panel_style\":\"\",\"panel_content_padding\":\"\",\"panel_size\":\"\",\"item_maxwidth\":\"\",\"title_style\":\"\",\"title_decoration\":\"\",\"title_font_family\":\"\",\"title_color\":\"\",\"title_grid_column_gap\":\"\",\"title_grid_row_gap\":\"\",\"title_margin\":\"\",\"meta_color\":\"\",\"meta_margin\":\"remove\",\"content_style\":\"\",\"content_margin\":\"\",\"image_transition\":\"\",\"image_border\":\"\",\"image_box_shadow\":\"\",\"image_hover_box_shadow\":\"\",\"image_box_decoration\":\"\",\"icon_color\":\"\",\"image_grid_column_gap\":\"\",\"image_grid_row_gap\":\"\",\"image_margin\":\"\",\"link_type\":\"content\",\"link_size\":\"\",\"link_margin\":\"\",\"position\":\"\",\"position_z_index\":\"\",\"maxwidth\":\"\",\"maxwidth_breakpoint\":\"\",\"block_align\":\"\",\"block_align_breakpoint\":\"\",\"block_align_fallback\":\"\",\"text_align\":\"center\",\"text_align_breakpoint\":\"\",\"text_align_fallback\":\"\",\"visibility\":\"\",\"filter\":true,\"image_height\":\"300\"},\"children\":[{\"type\":\"grid_item\",\"props\":{\"title\":\"Type 81 und 82\",\"meta\":\"Hygrocontrol \",\"tags\":\"relative Luftfeuchtigkeit\",\"image\":\"wp-content\\\/uploads\\\/2020\\\/04\\\/Hygrocontrol-81-and-82.png\",\"content\":\"\n\n<p>Hochpr\\u00e4zises Messger\\u00e4t f\\u00fcr relative Luftfeuchtigkeit und Temperatur (Hygrometer) f\\u00fcr den industriellen Einsatz.\\u00a0<\\\/p>\",\"link\":\"de\\\/produkte\\\/hygrocontrol\\\/relative-feuchte\\\/hygrometer-hygrocontrol-type-8182\\\/\"}},{\"type\":\"grid_item\",\"props\":{\"title\":\"Type 83\",\"meta\":\"Hygrocontrol \",\"tags\":\"relative Luftfeuchtigkeit\",\"image\":\"wp-content\\\/uploads\\\/2020\\\/04\\\/Hygrocontrol-83.jpg\",\"content\":\"\n\n<p>Relative Feuchte- und Temperaturmessger\\u00e4t mit geschlossenem Regelkreis (Hygrometer) f\\u00fcr den industriellen Einsatz.\\u00a0<\\\/p>\",\"link\":\"de\\\/produkte\\\/hygrocontrol\\\/relative-feuchte\\\/hygrometer-hygrocontrol-type-83\\\/\"}},{\"type\":\"grid_item\",\"props\":{\"title\":\"Type 85\",\"meta\":\"Hygrocontrol \",\"tags\":\"relative Luftfeuchtigkeit\",\"image\":\"wp-content\\\/uploads\\\/2020\\\/04\\\/Hygrocontrol-85.png\",\"content\":\"\n\n<p>Messger\\u00e4t f\\u00fcr relative Luftfeuchtigkeit und Temperatur (Hygrometer) f\\u00fcr den industriellen Einsatz.\\u00a0<\\\/p>\",\"link\":\"de\\\/produkte\\\/hygrocontrol\\\/relative-feuchte\\\/hygrometer-hygrocontrol-type-85\\\/\"}}],\"name\":\"Product Grid_by brand\"}]}]}]},{\"type\":\"section\",\"props\":{\"style\":\"default\",\"width\":\"default\",\"vertical_align\":\"middle\",\"title_position\":\"top-left\",\"title_rotation\":\"left\",\"title_breakpoint\":\"xl\",\"image_position\":\"center-center\",\"text_color\":\"\",\"width_expand\":\"\",\"height\":\"\",\"padding\":\"\",\"header_transparent\":\"\",\"animation\":\"\",\"preserve_color\":true},\"children\":[{\"type\":\"row\",\"props\":{\"layout\":\"1-1\",\"breakpoint\":\"m\",\"fixed_width\":\"large\",\"width\":\"\",\"width_expand\":\"\",\"height\":\"\",\"margin\":\"\",\"column_gap\":\"\",\"row_gap\":\"\"},\"children\":[{\"type\":\"column\",\"props\":{\"image_position\":\"center-center\",\"media_overlay_gradient\":\"\",\"vertical_align\":\"\",\"style\":\"\",\"text_color\":\"\",\"padding\":\"\"},\"children\":[{\"type\":\"text\",\"props\":{\"margin\":\"default\",\"column_breakpoint\":\"m\",\"text_style\":\"\",\"text_color\":\"\",\"text_size\":\"\",\"column\":\"\",\"position\":\"\",\"position_z_index\":\"\",\"maxwidth\":\"\",\"maxwidth_breakpoint\":\"\",\"block_align\":\"\",\"block_align_breakpoint\":\"\",\"block_align_fallback\":\"\",\"text_align\":\"\",\"text_align_breakpoint\":\"\",\"text_align_fallback\":\"\",\"animation\":\"\",\"visibility\":\"\",\"content\":\"\n\n<h2>Zertifizierungen - L\\u00f6sungen, denen Sie vertrauen k\\u00f6nnen.<\\\/h2>\"}},{\"type\":\"gallery\",\"props\":{\"show_title\":true,\"show_meta\":true,\"show_content\":true,\"show_link\":true,\"show_hover_image\":true,\"grid_default\":\"1\",\"grid_medium\":\"6\",\"filter_style\":\"tab\",\"filter_all\":true,\"filter_position\":\"top\",\"filter_align\":\"left\",\"filter_grid_width\":\"auto\",\"overlay_mode\":\"cover\",\"overlay_hover\":true,\"overlay_style\":\"overlay-primary\",\"text_color\":\"light\",\"overlay_position\":\"center\",\"overlay_transition\":\"fade\",\"title_element\":\"h3\",\"meta_style\":\"meta\",\"meta_align\":\"below-title\",\"link_text\":\"Read more\",\"link_style\":\"default\",\"text_align\":\"center\",\"margin\":\"default\",\"item_animation\":\"\",\"grid_small\":\"\",\"grid_large\":\"\",\"grid_xlarge\":\"\",\"filter_margin\":\"\",\"title_display\":\"\",\"content_display\":\"\",\"item_maxwidth\":\"\",\"overlay_padding\":\"\",\"overlay_margin\":\"\",\"overlay_maxwidth\":\"\",\"image_transition\":\"\",\"image_box_shadow\":\"\",\"image_hover_box_shadow\":\"\",\"image_box_decoration\":\"\",\"title_transition\":\"\",\"title_style\":\"\",\"title_decoration\":\"\",\"title_font_family\":\"\",\"title_color\":\"\",\"title_margin\":\"\",\"meta_transition\":\"\",\"meta_color\":\"\",\"meta_margin\":\"\",\"content_transition\":\"\",\"content_style\":\"\",\"content_margin\":\"\",\"link_type\":\"\",\"link_transition\":\"\",\"link_size\":\"\",\"link_margin\":\"\",\"position\":\"relative\",\"position_z_index\":\"\",\"maxwidth\":\"\",\"maxwidth_breakpoint\":\"\",\"block_align\":\"\",\"block_align_breakpoint\":\"\",\"block_align_fallback\":\"\",\"text_align_breakpoint\":\"\",\"text_align_fallback\":\"\",\"visibility\":\"\",\"position_top\":\"20\",\"grid_column_gap\":\"\",\"grid_row_gap\":\"\",\"filter_grid_column_gap\":\"\",\"filter_grid_row_gap\":\"\",\"filter_grid_breakpoint\":\"m\"},\"children\":[{\"type\":\"gallery_item\",\"props\":{\"text_color\":\"\",\"image\":\"wp-content\\\/uploads\\\/2019\\\/12\\\/csm_Logo_TUV-ISO-9001_97798bf409.png\"}},{\"type\":\"gallery_item\",\"props\":{\"text_color\":\"\",\"image\":\"wp-content\\\/uploads\\\/2019\\\/12\\\/csm_Logo_Aquanet_fad2fd638c.png\"}},{\"type\":\"gallery_item\",\"props\":{\"text_color\":\"\",\"image\":\"wp-content\\\/uploads\\\/2019\\\/12\\\/csm_Logo_GWP_eb96056fea.png\"}}]}]}]}],\"name\":\"TRUST: certificates and partnerships\"},{\"type\":\"section\",\"props\":{\"style\":\"default\",\"width\":\"default\",\"vertical_align\":\"middle\",\"title_position\":\"top-left\",\"title_rotation\":\"left\",\"title_breakpoint\":\"xl\",\"image_position\":\"center-center\",\"text_color\":\"\",\"width_expand\":\"\",\"height\":\"\",\"padding\":\"large\",\"header_transparent\":\"\",\"animation\":\"\",\"image\":\"wp-content\\\/uploads\\\/2019\\\/11\\\/AdobeStock_87241500_Copyright.jpg\",\"image_size\":\"cover\",\"image_effect\":\"fixed\",\"image_parallax_breakpoint\":\"\",\"image_visibility\":\"\",\"video_width\":\"\",\"video_height\":\"\",\"media_blend_mode\":\"\",\"media_overlay\":\"#FFFFFF80\",\"css\":\"@media only screen and (max-width: 640px) {\\n    .el-section {\\n        display: none;\\n    }\\n}\"},\"children\":[{\"type\":\"row\",\"props\":{\"layout\":\"1-1\",\"breakpoint\":\"m\",\"fixed_width\":\"large\",\"width\":\"\",\"width_expand\":\"\",\"height\":\"\",\"margin\":\"\",\"column_gap\":\"\",\"row_gap\":\"\"},\"children\":[{\"type\":\"column\",\"props\":{\"image_position\":\"center-center\",\"media_overlay_gradient\":\"\",\"vertical_align\":\"\",\"style\":\"\",\"text_color\":\"\",\"padding\":\"\"},\"children\":[]}]}],\"name\":\"Bottom Picture\"},{\"type\":\"section\",\"props\":{\"style\":\"secondary\",\"width\":\"default\",\"vertical_align\":\"middle\",\"title_position\":\"top-left\",\"title_rotation\":\"left\",\"title_breakpoint\":\"xl\",\"image_position\":\"center-center\",\"text_color\":\"\",\"width_expand\":\"\",\"height\":\"\",\"padding\":\"\",\"header_transparent\":\"\",\"animation\":\"\",\"preserve_color\":true},\"children\":[{\"type\":\"row\",\"props\":{\"layout\":\"1-1\",\"breakpoint\":\"m\",\"fixed_width\":\"large\",\"width\":\"\",\"width_expand\":\"\",\"height\":\"\",\"margin\":\"\",\"column_gap\":\"\",\"row_gap\":\"\"},\"children\":[{\"type\":\"column\",\"props\":{\"image_position\":\"center-center\",\"media_overlay_gradient\":\"\",\"vertical_align\":\"\",\"style\":\"\",\"text_color\":\"\",\"padding\":\"\"},\"children\":[{\"type\":\"headline\",\"props\":{\"title_element\":\"h2\",\"title_style\":\"\",\"title_decoration\":\"\",\"title_font_family\":\"\",\"title_color\":\"\",\"position\":\"\",\"position_z_index\":\"\",\"margin\":\"\",\"maxwidth\":\"\",\"maxwidth_breakpoint\":\"\",\"block_align\":\"\",\"block_align_breakpoint\":\"\",\"block_align_fallback\":\"\",\"text_align\":\"center\",\"text_align_breakpoint\":\"\",\"text_align_fallback\":\"\",\"animation\":\"\",\"visibility\":\"\",\"content\":\"Fragen? Wir sind hier, um zu helfen!\"}},{\"type\":\"button\",\"props\":{\"margin\":\"default\",\"button_size\":\"\",\"position\":\"\",\"position_z_index\":\"\",\"maxwidth\":\"\",\"maxwidth_breakpoint\":\"\",\"block_align\":\"\",\"block_align_breakpoint\":\"\",\"block_align_fallback\":\"\",\"text_align\":\"center\",\"text_align_breakpoint\":\"\",\"text_align_fallback\":\"\",\"animation\":\"\",\"visibility\":\"\",\"grid_column_gap\":\"small\",\"grid_row_gap\":\"small\"},\"children\":[{\"type\":\"button_item\",\"props\":{\"button_style\":\"default\",\"icon_align\":\"left\",\"link_target\":\"\",\"content\":\"Kontakt\",\"link\":\"de\\\/kontakt\\\/\"}}]}]}]}],\"name\":\"Contact us (Call-for-Action)\"}],\"version\":\"1.22.8\",\"props\":[]} --><\/p>\n","protected":false},"excerpt":{"rendered":"<p>Hygrocontrol Analysatoren f\u00fcr Relative Feuchte Die Produktpalette von LAR umfasst Wasseranalysatoren f\u00fcr die wichtigsten Summenparameter wie TOC, CSB, TOD, BSB, Toxizit\u00e4t, TN, TP und \u00d6l-in-Wasser. Die Messsysteme werden in drei Hauptanwendungsbereichen eingesetzt: Umwelt\u00fcberwachung, kommunale Einrichtungen und Industrie. Basierend auf der hohen Pr\u00e4zision und Geschwindigkeit der Analysatoren erm\u00f6glichen sie eine optimale Steuerung von Prozessen, eine sichere [&hellip;]<\/p>\n","protected":false},"author":2,"featured_media":0,"parent":2864,"menu_order":2,"comment_status":"closed","ping_status":"closed","template":"","meta":[],"yoast_head":"<!-- This site is optimized with the Yoast SEO plugin v16.1.1 - https:\/\/yoast.com\/wordpress\/plugins\/seo\/ -->\n<title>Hygrocontrol - LAR Process Analysers<\/title>\n<meta property=\"og:locale\" content=\"de_DE\" \/>\n<meta property=\"og:type\" content=\"article\" \/>\n<meta property=\"og:title\" content=\"Hygrocontrol - LAR Process Analysers\" \/>\n<meta property=\"og:description\" content=\"Hygrocontrol Analysatoren f\u00fcr Relative Feuchte Die Produktpalette von LAR umfasst Wasseranalysatoren f\u00fcr die wichtigsten Summenparameter wie TOC, CSB, TOD, BSB, Toxizit\u00e4t, TN, TP und \u00d6l-in-Wasser. Die Messsysteme werden in drei Hauptanwendungsbereichen eingesetzt: Umwelt\u00fcberwachung, kommunale Einrichtungen und Industrie. Basierend auf der hohen Pr\u00e4zision und Geschwindigkeit der Analysatoren erm\u00f6glichen sie eine optimale Steuerung von Prozessen, eine sichere [&hellip;]\" \/>\n<meta property=\"og:url\" content=\"http:\/\/supporttest.lar.de\/wordpress\/de\/produkte\/hygrocontrol\/\" \/>\n<meta property=\"og:site_name\" content=\"LAR Process Analysers\" \/>\n<meta property=\"article:modified_time\" content=\"2020-07-27T09:26:54+00:00\" \/>\n<meta property=\"og:image\" content=\"http:\/\/wp-content\/uploads\/2020\/07\/hygrocontrol_logo_pic_rgb.png\" \/>\n<meta name=\"twitter:card\" content=\"summary_large_image\" \/>\n<meta name=\"twitter:site\" content=\"@LAR_worldwide\" \/>\n<meta name=\"twitter:label1\" content=\"Gesch\u00e4tzte Lesezeit\">\n\t<meta name=\"twitter:data1\" content=\"1\u00a0Minute\">\n<script type=\"application\/ld+json\" class=\"yoast-schema-graph\">{\"@context\":\"https:\/\/schema.org\",\"@graph\":[{\"@type\":\"WebSite\",\"@id\":\"https:\/\/supporttest.lar.com\/wordpress\/de\/#website\",\"url\":\"https:\/\/supporttest.lar.com\/wordpress\/de\/\",\"name\":\"LAR Process Analysers\",\"description\":\"THE TOC COMPANY\",\"potentialAction\":[{\"@type\":\"SearchAction\",\"target\":\"https:\/\/supporttest.lar.com\/wordpress\/de\/?s={search_term_string}\",\"query-input\":\"required name=search_term_string\"}],\"inLanguage\":\"de\"},{\"@type\":\"ImageObject\",\"@id\":\"http:\/\/supporttest.lar.de\/wordpress\/de\/produkte\/hygrocontrol\/#primaryimage\",\"inLanguage\":\"de\",\"url\":\"wp-content\/uploads\/2020\/07\/hygrocontrol_logo_pic_rgb.png\",\"contentUrl\":\"wp-content\/uploads\/2020\/07\/hygrocontrol_logo_pic_rgb.png\"},{\"@type\":\"WebPage\",\"@id\":\"http:\/\/supporttest.lar.de\/wordpress\/de\/produkte\/hygrocontrol\/#webpage\",\"url\":\"http:\/\/supporttest.lar.de\/wordpress\/de\/produkte\/hygrocontrol\/\",\"name\":\"Hygrocontrol - LAR Process Analysers\",\"isPartOf\":{\"@id\":\"https:\/\/supporttest.lar.com\/wordpress\/de\/#website\"},\"primaryImageOfPage\":{\"@id\":\"http:\/\/supporttest.lar.de\/wordpress\/de\/produkte\/hygrocontrol\/#primaryimage\"},\"datePublished\":\"2020-04-24T08:35:36+00:00\",\"dateModified\":\"2020-07-27T09:26:54+00:00\",\"breadcrumb\":{\"@id\":\"http:\/\/supporttest.lar.de\/wordpress\/de\/produkte\/hygrocontrol\/#breadcrumb\"},\"inLanguage\":\"de\",\"potentialAction\":[{\"@type\":\"ReadAction\",\"target\":[\"http:\/\/supporttest.lar.de\/wordpress\/de\/produkte\/hygrocontrol\/\"]}]},{\"@type\":\"BreadcrumbList\",\"@id\":\"http:\/\/supporttest.lar.de\/wordpress\/de\/produkte\/hygrocontrol\/#breadcrumb\",\"itemListElement\":[{\"@type\":\"ListItem\",\"position\":1,\"item\":{\"@type\":\"WebPage\",\"@id\":\"https:\/\/supporttest.lar.com\/wordpress\/de\/\",\"url\":\"https:\/\/supporttest.lar.com\/wordpress\/de\/\",\"name\":\"Home\"}},{\"@type\":\"ListItem\",\"position\":2,\"item\":{\"@type\":\"WebPage\",\"@id\":\"https:\/\/supporttest.lar.com\/wordpress\/de\/produkte\/\",\"url\":\"https:\/\/supporttest.lar.com\/wordpress\/de\/produkte\/\",\"name\":\"Produkte\"}},{\"@type\":\"ListItem\",\"position\":3,\"item\":{\"@type\":\"WebPage\",\"@id\":\"https:\/\/supporttest.lar.com\/wordpress\/de\/produkte\/hygrocontrol\/\",\"url\":\"https:\/\/supporttest.lar.com\/wordpress\/de\/produkte\/hygrocontrol\/\",\"name\":\"Hygrocontrol\"}}]}]}<\/script>\n<!-- \/ Yoast SEO plugin. -->","_links":{"self":[{"href":"https:\/\/supporttest.lar.com\/wordpress\/de\/wp-json\/wp\/v2\/pages\/2965"}],"collection":[{"href":"https:\/\/supporttest.lar.com\/wordpress\/de\/wp-json\/wp\/v2\/pages"}],"about":[{"href":"https:\/\/supporttest.lar.com\/wordpress\/de\/wp-json\/wp\/v2\/types\/page"}],"author":[{"embeddable":true,"href":"https:\/\/supporttest.lar.com\/wordpress\/de\/wp-json\/wp\/v2\/users\/2"}],"replies":[{"embeddable":true,"href":"https:\/\/supporttest.lar.com\/wordpress\/de\/wp-json\/wp\/v2\/comments?post=2965"}],"version-history":[{"count":18,"href":"https:\/\/supporttest.lar.com\/wordpress\/de\/wp-json\/wp\/v2\/pages\/2965\/revisions"}],"predecessor-version":[{"id":5065,"href":"https:\/\/supporttest.lar.com\/wordpress\/de\/wp-json\/wp\/v2\/pages\/2965\/revisions\/5065"}],"up":[{"embeddable":true,"href":"https:\/\/supporttest.lar.com\/wordpress\/de\/wp-json\/wp\/v2\/pages\/2864"}],"wp:attachment":[{"href":"https:\/\/supporttest.lar.com\/wordpress\/de\/wp-json\/wp\/v2\/media?parent=2965"}],"curies":[{"name":"wp","href":"https:\/\/api.w.org\/{rel}","templated":true}]}}