{"id":5738,"date":"2021-01-20T15:58:59","date_gmt":"2021-01-20T14:58:59","guid":{"rendered":"http:\/\/supporttest.lar.de\/wordpress\/repairs\/"},"modified":"2021-04-06T08:26:00","modified_gmt":"2021-04-06T06:26:00","slug":"reparaturen","status":"publish","type":"page","link":"https:\/\/supporttest.lar.com\/wordpress\/de\/service\/reparaturen\/","title":{"rendered":"Reparaturen"},"content":{"rendered":"<h1>\n<h1>Reparaturen<\/h1>\n<\/h1>\n<h1>\n<h2>Reparaturen<\/h2>\n<\/h1>\n<div>\n<p>M\u00fcssen Sie ein Ventil oder eine Pumpe wechseln? Brauchen Sie Hilfe bei der Behebung eines Elektronikproblems? Lassen Sie es uns wissen und wir k\u00f6nnen Ihnen in k\u00fcrzester Zeit ein fehlendes Teil beschaffen. Unsere Servicetechniker unterst\u00fctzen Sie per Mail, Hotline oder Fernwartung. Falls Sie pers\u00f6nliche Unterst\u00fctzung ben\u00f6tigen, kommt unser Serviceteam zu Ihnen.<\/p>\n<p>Sollte es einen Garantiefall geben, lassen Sie es uns wissen! Wir setzen uns mit Ihnen in Verbindung und unterst\u00fctzen Sie so schnell wie m\u00f6glich.<\/p>\n<\/div>\n<p><img src=\"\/wordpress\/wp-content\/uploads\/2021\/03\/AdobeStock_345488192-scaled.jpeg\" alt=\"\"><\/p>\n<h2>Fragen? Wir sind hier, um zu helfen.<\/h2>\n<p>\n    <a href=\"\/de\/kontakt\/\">Kontakt<\/a>\n<\/p>\n<p><!-- {\"type\":\"layout\",\"children\":[{\"type\":\"section\",\"props\":{\"style\":\"primary\",\"width\":\"expand\",\"vertical_align\":\"middle\",\"title_position\":\"top-left\",\"title_rotation\":\"left\",\"title_breakpoint\":\"xl\",\"image_position\":\"center-center\",\"image\":\"wp-content\\\/uploads\\\/2020\\\/02\\\/header_gabelseite_customersuccess.png\",\"image_size\":\"cover\",\"padding_remove_top\":false,\"padding_remove_bottom\":false},\"children\":[{\"type\":\"row\",\"props\":{\"layout\":\"1-2,1-2\",\"width\":\"default\"},\"children\":[{\"type\":\"column\",\"props\":{\"image_position\":\"center-center\",\"media_overlay_gradient\":\"\",\"width_medium\":\"1-2\"},\"children\":[{\"type\":\"headline\",\"props\":{\"title_element\":\"h1\",\"content\":\"\n\n<h1>Reparaturen<\\\/h1>\",\"margin_remove_bottom\":false}},{\"type\":\"headline\",\"props\":{\"title_element\":\"h4\",\"content\":\"\",\"margin_remove_top\":true}},{\"type\":\"module\",\"props\":{\"widget\":\"breadcrumbs-2\",\"menu_style\":\"nav\",\"text_align\":\"left\",\"type\":\"breadcrumbs\"},\"name\":\"breadcrumbs_lar\"}]},{\"type\":\"column\",\"props\":{\"image_position\":\"center-center\",\"media_overlay_gradient\":\"\",\"width_medium\":\"1-2\"},\"children\":[]}]}],\"name\":\"HEADER_Gabelseite\"},{\"type\":\"section\",\"props\":{\"style\":\"default\",\"width\":\"default\",\"vertical_align\":\"middle\",\"title_position\":\"top-left\",\"title_rotation\":\"left\",\"title_breakpoint\":\"xl\",\"image_position\":\"center-center\"},\"children\":[{\"type\":\"row\",\"props\":{\"layout\":\"2-3,1-3\"},\"children\":[{\"type\":\"column\",\"props\":{\"image_position\":\"center-center\",\"media_overlay_gradient\":\"\",\"width_medium\":\"2-3\"},\"children\":[{\"type\":\"headline\",\"props\":{\"title_element\":\"h1\",\"content\":\"\n\n<h2>Reparaturen<\\\/h2>\"}},{\"type\":\"text\",\"props\":{\"margin\":\"default\",\"column_breakpoint\":\"m\",\"content\":\"\n\n<p>M\\u00fcssen Sie ein Ventil oder eine Pumpe wechseln? Brauchen Sie Hilfe bei der Behebung eines Elektronikproblems? Lassen Sie es uns wissen und wir k\\u00f6nnen Ihnen in k\\u00fcrzester Zeit ein fehlendes Teil beschaffen. Unsere Servicetechniker unterst\\u00fctzen Sie per Mail, Hotline oder Fernwartung. Falls Sie pers\\u00f6nliche Unterst\\u00fctzung ben\\u00f6tigen, kommt unser Serviceteam zu Ihnen.<\\\/p>\\n\n\n<p>Sollte es einen Garantiefall geben, lassen Sie es uns wissen! Wir setzen uns mit Ihnen in Verbindung und unterst\\u00fctzen Sie so schnell wie m\\u00f6glich.<\\\/p>\"}}]},{\"type\":\"column\",\"props\":{\"image_position\":\"center-center\",\"media_overlay_gradient\":\"\",\"width_medium\":\"1-3\"},\"children\":[{\"type\":\"image\",\"props\":{\"margin\":\"default\",\"image_svg_color\":\"emphasis\",\"image\":\"wp-content\\\/uploads\\\/2021\\\/03\\\/AdobeStock_345488192-scaled.jpeg\"}}]}]}]},{\"type\":\"section\",\"props\":{\"style\":\"secondary\",\"width\":\"default\",\"vertical_align\":\"middle\",\"title_position\":\"top-left\",\"title_rotation\":\"left\",\"title_breakpoint\":\"xl\",\"image_position\":\"center-center\",\"preserve_color\":true},\"children\":[{\"type\":\"row\",\"children\":[{\"type\":\"column\",\"props\":{\"image_position\":\"center-center\",\"media_overlay_gradient\":\"\",\"width_medium\":\"1-1\"},\"children\":[{\"type\":\"headline\",\"props\":{\"title_element\":\"h2\",\"text_align\":\"center\",\"content\":\"Fragen? Wir sind hier, um zu helfen.\"}},{\"type\":\"button\",\"props\":{\"margin\":\"default\",\"text_align\":\"center\",\"grid_column_gap\":\"small\",\"grid_row_gap\":\"small\"},\"children\":[{\"type\":\"button_item\",\"props\":{\"button_style\":\"default\",\"icon_align\":\"left\",\"content\":\"Kontakt\",\"link\":\"de\\\/kontakt\\\/\"}}],\"name\":\"Button\\\/DE\\\/Kontakt\"}]}]}],\"name\":\"Contact us (Call-for-Action) final\"},{\"type\":\"section\",\"props\":{\"style\":\"default\",\"width\":\"default\",\"vertical_align\":\"middle\",\"title_position\":\"top-left\",\"title_rotation\":\"left\",\"title_breakpoint\":\"xl\",\"image_position\":\"center-center\",\"padding\":\"large\",\"image\":\"wp-content\\\/uploads\\\/2020\\\/02\\\/bigstock-two-oil-and-gas-workers-inside-59903477_web.jpg\",\"image_size\":\"cover\",\"image_effect\":\"fixed\",\"media_overlay\":\"#FFFFFF80\",\"css\":\"@media only screen and (max-width: 640px) {\\n    .el-section {\\n        display: none;\\n    }\\n}\"},\"children\":[{\"type\":\"row\",\"children\":[{\"type\":\"column\",\"props\":{\"image_position\":\"center-center\",\"media_overlay_gradient\":\"\",\"width_medium\":\"1-1\"},\"children\":[]}]}],\"name\":\"Footer Picture\"}],\"version\":\"2.3.31\"} --><\/p>\n","protected":false},"excerpt":{"rendered":"<p>Reparaturen Reparaturen M\u00fcssen Sie ein Ventil oder eine Pumpe wechseln? Brauchen Sie Hilfe bei der Behebung eines Elektronikproblems? Lassen Sie es uns wissen und wir k\u00f6nnen Ihnen in k\u00fcrzester Zeit ein fehlendes Teil beschaffen. Unsere Servicetechniker unterst\u00fctzen Sie per Mail, Hotline oder Fernwartung. Falls Sie pers\u00f6nliche Unterst\u00fctzung ben\u00f6tigen, kommt unser Serviceteam zu Ihnen. Sollte es [&hellip;]<\/p>\n","protected":false},"author":6,"featured_media":0,"parent":2873,"menu_order":0,"comment_status":"closed","ping_status":"closed","template":"","meta":[],"yoast_head":"<!-- This site is optimized with the Yoast SEO plugin v16.1.1 - https:\/\/yoast.com\/wordpress\/plugins\/seo\/ -->\n<title>Reparaturen - LAR Process Analysers<\/title>\n<meta property=\"og:locale\" content=\"de_DE\" \/>\n<meta property=\"og:type\" content=\"article\" \/>\n<meta property=\"og:title\" content=\"Reparaturen - LAR Process Analysers\" \/>\n<meta property=\"og:description\" content=\"Reparaturen Reparaturen M\u00fcssen Sie ein Ventil oder eine Pumpe wechseln? Brauchen Sie Hilfe bei der Behebung eines Elektronikproblems? Lassen Sie es uns wissen und wir k\u00f6nnen Ihnen in k\u00fcrzester Zeit ein fehlendes Teil beschaffen. Unsere Servicetechniker unterst\u00fctzen Sie per Mail, Hotline oder Fernwartung. Falls Sie pers\u00f6nliche Unterst\u00fctzung ben\u00f6tigen, kommt unser Serviceteam zu Ihnen. Sollte es [&hellip;]\" \/>\n<meta property=\"og:url\" content=\"https:\/\/supporttest.lar.com\/wordpress\/de\/service\/reparaturen\/\" \/>\n<meta property=\"og:site_name\" content=\"LAR Process Analysers\" \/>\n<meta property=\"article:modified_time\" content=\"2021-04-06T06:26:00+00:00\" \/>\n<meta property=\"og:image\" content=\"https:\/\/supporttest.lar.com\/wordpress\/wp-content\/uploads\/2021\/03\/AdobeStock_345488192-scaled.jpeg\" \/>\n<meta name=\"twitter:card\" content=\"summary_large_image\" \/>\n<meta name=\"twitter:site\" content=\"@LAR_worldwide\" \/>\n<script type=\"application\/ld+json\" class=\"yoast-schema-graph\">{\"@context\":\"https:\/\/schema.org\",\"@graph\":[{\"@type\":\"WebSite\",\"@id\":\"https:\/\/supporttest.lar.com\/wordpress\/de\/#website\",\"url\":\"https:\/\/supporttest.lar.com\/wordpress\/de\/\",\"name\":\"LAR Process Analysers\",\"description\":\"THE TOC COMPANY\",\"potentialAction\":[{\"@type\":\"SearchAction\",\"target\":\"https:\/\/supporttest.lar.com\/wordpress\/de\/?s={search_term_string}\",\"query-input\":\"required name=search_term_string\"}],\"inLanguage\":\"de\"},{\"@type\":\"ImageObject\",\"@id\":\"https:\/\/supporttest.lar.com\/wordpress\/de\/service\/reparaturen\/#primaryimage\",\"inLanguage\":\"de\",\"url\":\"\/wordpress\/wp-content\/uploads\/2021\/03\/AdobeStock_345488192-scaled.jpeg\",\"contentUrl\":\"\/wordpress\/wp-content\/uploads\/2021\/03\/AdobeStock_345488192-scaled.jpeg\"},{\"@type\":\"WebPage\",\"@id\":\"https:\/\/supporttest.lar.com\/wordpress\/de\/service\/reparaturen\/#webpage\",\"url\":\"https:\/\/supporttest.lar.com\/wordpress\/de\/service\/reparaturen\/\",\"name\":\"Reparaturen - LAR Process Analysers\",\"isPartOf\":{\"@id\":\"https:\/\/supporttest.lar.com\/wordpress\/de\/#website\"},\"primaryImageOfPage\":{\"@id\":\"https:\/\/supporttest.lar.com\/wordpress\/de\/service\/reparaturen\/#primaryimage\"},\"datePublished\":\"2021-01-20T14:58:59+00:00\",\"dateModified\":\"2021-04-06T06:26:00+00:00\",\"breadcrumb\":{\"@id\":\"https:\/\/supporttest.lar.com\/wordpress\/de\/service\/reparaturen\/#breadcrumb\"},\"inLanguage\":\"de\",\"potentialAction\":[{\"@type\":\"ReadAction\",\"target\":[\"https:\/\/supporttest.lar.com\/wordpress\/de\/service\/reparaturen\/\"]}]},{\"@type\":\"BreadcrumbList\",\"@id\":\"https:\/\/supporttest.lar.com\/wordpress\/de\/service\/reparaturen\/#breadcrumb\",\"itemListElement\":[{\"@type\":\"ListItem\",\"position\":1,\"item\":{\"@type\":\"WebPage\",\"@id\":\"https:\/\/supporttest.lar.com\/wordpress\/de\/\",\"url\":\"https:\/\/supporttest.lar.com\/wordpress\/de\/\",\"name\":\"Home\"}},{\"@type\":\"ListItem\",\"position\":2,\"item\":{\"@type\":\"WebPage\",\"@id\":\"https:\/\/supporttest.lar.com\/wordpress\/de\/service\/\",\"url\":\"https:\/\/supporttest.lar.com\/wordpress\/de\/service\/\",\"name\":\"Service\"}},{\"@type\":\"ListItem\",\"position\":3,\"item\":{\"@type\":\"WebPage\",\"@id\":\"https:\/\/supporttest.lar.com\/wordpress\/de\/service\/reparaturen\/\",\"url\":\"https:\/\/supporttest.lar.com\/wordpress\/de\/service\/reparaturen\/\",\"name\":\"Reparaturen\"}}]}]}<\/script>\n<!-- \/ Yoast SEO plugin. -->","_links":{"self":[{"href":"https:\/\/supporttest.lar.com\/wordpress\/de\/wp-json\/wp\/v2\/pages\/5738"}],"collection":[{"href":"https:\/\/supporttest.lar.com\/wordpress\/de\/wp-json\/wp\/v2\/pages"}],"about":[{"href":"https:\/\/supporttest.lar.com\/wordpress\/de\/wp-json\/wp\/v2\/types\/page"}],"author":[{"embeddable":true,"href":"https:\/\/supporttest.lar.com\/wordpress\/de\/wp-json\/wp\/v2\/users\/6"}],"replies":[{"embeddable":true,"href":"https:\/\/supporttest.lar.com\/wordpress\/de\/wp-json\/wp\/v2\/comments?post=5738"}],"version-history":[{"count":4,"href":"https:\/\/supporttest.lar.com\/wordpress\/de\/wp-json\/wp\/v2\/pages\/5738\/revisions"}],"predecessor-version":[{"id":14349,"href":"https:\/\/supporttest.lar.com\/wordpress\/de\/wp-json\/wp\/v2\/pages\/5738\/revisions\/14349"}],"up":[{"embeddable":true,"href":"https:\/\/supporttest.lar.com\/wordpress\/de\/wp-json\/wp\/v2\/pages\/2873"}],"wp:attachment":[{"href":"https:\/\/supporttest.lar.com\/wordpress\/de\/wp-json\/wp\/v2\/media?parent=5738"}],"curies":[{"name":"wp","href":"https:\/\/api.w.org\/{rel}","templated":true}]}}